{"id":1493,"date":"2024-03-19T13:24:28","date_gmt":"2024-03-19T13:24:28","guid":{"rendered":"https:\/\/www.rexpowermagnetics.com\/get-a-quote\/"},"modified":"2024-09-03T14:25:44","modified_gmt":"2024-09-03T14:25:44","slug":"get-a-quote","status":"publish","type":"page","link":"https:\/\/www.rexpowermagnetics.com\/fr\/get-a-quote\/","title":{"rendered":"Obtenez un devis"},"content":{"rendered":"\n<h2 class=\"wp-block-heading has-text-align-center mb-20\">DEMANDE DE DEVIS RAPIDE<\/h2>\n\n\n\n<p>Recherchez par num\u00e9ro de pi\u00e8ce (produits de classe de distribution uniquement) ou utilisez les formulaires de produits personnalis\u00e9s. Vous pouvez ajouter plusieurs articles \u00e0 votre panier et consulter la nomenclature totale. Apr\u00e8s avoir soumis la demande de devis, un agent ou un distributeur local vous contactera pour vous communiquer les prix.<\/p>\n","protected":false},"excerpt":{"rendered":"<p>DEMANDE DE DEVIS RAPIDE Recherchez par num\u00e9ro de pi\u00e8ce (produits de classe de distribution uniquement)&#8230;<\/p>\n","protected":false},"author":1,"featured_media":1422,"parent":0,"menu_order":0,"comment_status":"closed","ping_status":"closed","template":"page-get-quote.php","meta":{"_acf_changed":false,"inline_featured_image":false,"footnotes":""},"class_list":["post-1493","page","type-page","status-publish","has-post-thumbnail","hentry"],"acf":[],"aioseo_notices":[],"_links":{"self":[{"href":"https:\/\/www.rexpowermagnetics.com\/fr\/wp-json\/wp\/v2\/pages\/1493","targetHints":{"allow":["GET"]}}],"collection":[{"href":"https:\/\/www.rexpowermagnetics.com\/fr\/wp-json\/wp\/v2\/pages"}],"about":[{"href":"https:\/\/www.rexpowermagnetics.com\/fr\/wp-json\/wp\/v2\/types\/page"}],"author":[{"embeddable":true,"href":"https:\/\/www.rexpowermagnetics.com\/fr\/wp-json\/wp\/v2\/users\/1"}],"replies":[{"embeddable":true,"href":"https:\/\/www.rexpowermagnetics.com\/fr\/wp-json\/wp\/v2\/comments?post=1493"}],"version-history":[{"count":3,"href":"https:\/\/www.rexpowermagnetics.com\/fr\/wp-json\/wp\/v2\/pages\/1493\/revisions"}],"predecessor-version":[{"id":1605,"href":"https:\/\/www.rexpowermagnetics.com\/fr\/wp-json\/wp\/v2\/pages\/1493\/revisions\/1605"}],"wp:featuredmedia":[{"embeddable":true,"href":"https:\/\/www.rexpowermagnetics.com\/fr\/wp-json\/wp\/v2\/media\/1422"}],"wp:attachment":[{"href":"https:\/\/www.rexpowermagnetics.com\/fr\/wp-json\/wp\/v2\/media?parent=1493"}],"curies":[{"name":"wp","href":"https:\/\/api.w.org\/{rel}","templated":true}]}}